{"id":169,"date":"2024-12-06T20:59:58","date_gmt":"2024-12-06T20:59:58","guid":{"rendered":"https:\/\/cefi.edu.ec\/academy\/?page_id=169"},"modified":"2025-12-17T15:58:04","modified_gmt":"2025-12-17T15:58:04","slug":"cursos-hachette","status":"publish","type":"page","link":"https:\/\/cefi.edu.ec\/academy\/cursos-hachette\/","title":{"rendered":"Franc\u00e9s"},"content":{"rendered":"\n\n\n\n<p>Lorem Ipsum has been the industry&#8217;s standard dummy text ever since the 1500s.<\/p>\n\n\n\n\n\n\n<h2><div pagelayer-id=\"qb41576\" class=\"p-qb41576 pagelayer-heading\" align=\"center\" style=\"width: 1150px; text-align: center; margin-bottom: 15px; font-size: 16px; font-weight: 400;\"><div class=\"pagelayer-heading-holder\"><\/div><div class=\"pagelayer-heading-holder\"><\/div><\/div><\/h2><h2 style=\"box-sizing: border-box; padding: 0px; margin: 0px; overflow-wrap: break-word; font-family: Montserrat; font-size: 35px; font-weight: 700; text-transform: none; line-height: 1.5; color: rgb(34, 34, 34);\"><br>Aprende Franc\u00e9s y abre la Bolsa de Trabajo Europea y Canadiense y se parte de la Educaci\u00f3n \u00c9lite del Mundo<\/h2>.\n\n\n<p>Lorem Ipsum has been the industry&#8217;s standard dummy text ever since the 1500s.<\/p>\n\n\n<h2>Niveles<\/h2>\n\n\n\n\n\n\n\n\n\n\n<ul style=\"outline: 0px; margin-bottom: 1em; margin-left: 1em; background-repeat: no-repeat; color: rgb(24, 24, 24); font-family: &quot;Leto Sans Regular&quot;, Arial, Helvetica, sans-serif; font-size: 15px;\"><li data-leveltext=\"\uf0b7\" data-font=\"Symbol\" data-listid=\"1\" aria-setsize=\"-1\" data-aria-posinset=\"1\" data-aria-level=\"1\" style=\"outline: 0px; margin-left: 0.5em; background-repeat: no-repeat;\"><span data-contrast=\"auto\" style=\"outline: 0px; background-repeat: no-repeat;\">Expande tus horizontes al estudiar franc\u00e9s <\/span><span data-contrast=\"auto\" style=\"outline: 0px; background-repeat: no-repeat;\">y descubre el mundo franc\u00f3fono desde el nivel inicial<\/span><span data-contrast=\"auto\" style=\"outline: 0px; background-repeat: no-repeat;\">. Nuestros niveles est\u00e1n dise\u00f1ados&nbsp;<\/span><span data-contrast=\"auto\" style=\"outline: 0px; background-repeat: no-repeat;\">de acuerdo al Marco Com\u00fan Europeo<\/span><span data-contrast=\"auto\" style=\"outline: 0px; background-repeat: no-repeat;\">&nbsp;de Referencia para Lenguas<\/span><span data-contrast=\"auto\" style=\"outline: 0px; background-repeat: no-repeat;\">&nbsp;(MCER)<\/span><span data-contrast=\"auto\" style=\"outline: 0px; background-repeat: no-repeat;\">.<\/span><span data-ccp-props=\"{&quot;134233279&quot;:true,&quot;335551550&quot;:1,&quot;335551620&quot;:1}\" style=\"outline: 0px; background-repeat: no-repeat;\">&nbsp;<\/span><\/li><li data-leveltext=\"\uf0b7\" data-font=\"Symbol\" data-listid=\"2\" aria-setsize=\"-1\" data-aria-posinset=\"2\" data-aria-level=\"1\" style=\"outline: 0px; margin-left: 0.5em; background-repeat: no-repeat;\"><span data-contrast=\"auto\" style=\"outline: 0px; background-repeat: no-repeat;\">Usa<\/span><span data-contrast=\"auto\" style=\"outline: 0px; background-repeat: no-repeat;\">&nbsp;expresiones de la vida cotidiana y&nbsp;<\/span><span data-contrast=\"auto\" style=\"outline: 0px; background-repeat: no-repeat;\">asimila la pronunciaci\u00f3n y la ortograf\u00eda<\/span><span data-contrast=\"auto\" style=\"outline: 0px; background-repeat: no-repeat;\">.&nbsp;<\/span><span data-contrast=\"auto\" style=\"outline: 0px; background-repeat: no-repeat;\">Aprende a&nbsp;<\/span><span data-contrast=\"auto\" style=\"outline: 0px; background-repeat: no-repeat;\">presentarte,&nbsp;<\/span><span data-contrast=\"auto\" style=\"outline: 0px; background-repeat: no-repeat;\">a&nbsp;<\/span><span data-contrast=\"auto\" style=\"outline: 0px; background-repeat: no-repeat;\">hacer preguntas y contestar datos personales&nbsp;<\/span><span data-contrast=\"auto\" style=\"outline: 0px; background-repeat: no-repeat;\">b\u00e1sicos y situaciones rutinarias<\/span><span data-contrast=\"auto\" style=\"outline: 0px; background-repeat: no-repeat;\">.<\/span><span data-ccp-props=\"{&quot;134233279&quot;:true,&quot;335551550&quot;:1,&quot;335551620&quot;:1}\" style=\"outline: 0px; background-repeat: no-repeat;\">&nbsp;<\/span><\/li><li data-leveltext=\"\uf0b7\" data-font=\"Symbol\" data-listid=\"2\" aria-setsize=\"-1\" data-aria-posinset=\"3\" data-aria-level=\"1\" style=\"outline: 0px; margin-left: 0.5em; background-repeat: no-repeat;\"><span data-contrast=\"auto\" style=\"outline: 0px; background-repeat: no-repeat;\">Una vez acabado el Nivel Principiante&nbsp;<\/span><span data-contrast=\"auto\" style=\"outline: 0px; background-repeat: no-repeat;\">estar\u00e1s preparado para<\/span><span data-contrast=\"auto\" style=\"outline: 0px; background-repeat: no-repeat;\">&nbsp;tomar el<\/span><span data-contrast=\"auto\" style=\"outline: 0px; background-repeat: no-repeat;\">&nbsp;examen DELF A2.<\/span><span data-ccp-props=\"{&quot;134233279&quot;:true,&quot;335551550&quot;:1,&quot;335551620&quot;:1}\" style=\"outline: 0px; background-repeat: no-repeat;\">&nbsp;<\/span><\/li><\/ul>\n\n\n\n\n\n\n\n\n<ul style=\"outline: 0px; margin-bottom: 1em; margin-left: 1em; background-repeat: no-repeat; color: rgb(24, 24, 24); font-family: &quot;Leto Sans Regular&quot;, Arial, Helvetica, sans-serif; font-size: 15px;\"><li data-leveltext=\"\uf0b7\" data-font=\"Symbol\" data-listid=\"3\" aria-setsize=\"-1\" data-aria-posinset=\"1\" data-aria-level=\"1\" style=\"outline: 0px; margin-left: 0.5em; background-repeat: no-repeat;\"><span data-contrast=\"auto\" style=\"outline: 0px; background-repeat: no-repeat;\">Experimenta<\/span>&nbsp;<span data-contrast=\"auto\" style=\"outline: 0px; background-repeat: no-repeat;\">un acercamiento inductivo y profundo al idioma franc\u00e9s<\/span><span data-contrast=\"auto\" style=\"outline: 0px; background-repeat: no-repeat;\">&nbsp;y un&nbsp;<\/span><span data-contrast=\"auto\" style=\"outline: 0px; background-repeat: no-repeat;\">modelo de progresi\u00f3n pedag\u00f3gica&nbsp;<\/span><span data-contrast=\"auto\" style=\"outline: 0px; background-repeat: no-repeat;\">basado en situaciones reales.<\/span><span data-ccp-props=\"{&quot;134233279&quot;:true,&quot;335551550&quot;:1,&quot;335551620&quot;:1}\" style=\"outline: 0px; background-repeat: no-repeat;\">&nbsp;<\/span><\/li><li data-leveltext=\"\uf0b7\" data-font=\"Symbol\" data-listid=\"3\" aria-setsize=\"-1\" data-aria-posinset=\"2\" data-aria-level=\"1\" style=\"outline: 0px; margin-left: 0.5em; background-repeat: no-repeat;\"><span data-contrast=\"auto\" style=\"outline: 0px; background-repeat: no-repeat;\">Podr\u00e1s expresarte<\/span><span data-contrast=\"auto\" style=\"outline: 0px; background-repeat: no-repeat;\">&nbsp;de forma&nbsp;<\/span><span data-contrast=\"auto\" style=\"outline: 0px; background-repeat: no-repeat;\">directa<\/span><span data-contrast=\"auto\" style=\"outline: 0px; background-repeat: no-repeat;\">&nbsp;y coherente&nbsp;<\/span><span data-contrast=\"auto\" style=\"outline: 0px; background-repeat: no-repeat;\">y explorar\u00e1s<\/span><span data-contrast=\"auto\" style=\"outline: 0px; background-repeat: no-repeat;\">&nbsp;temas&nbsp;<\/span><span data-contrast=\"auto\" style=\"outline: 0px; background-repeat: no-repeat;\">de&nbsp;<\/span><span data-contrast=\"auto\" style=\"outline: 0px; background-repeat: no-repeat;\">viajes,&nbsp;<\/span><span data-contrast=\"auto\" style=\"outline: 0px; background-repeat: no-repeat;\">literatura, historia de Francia y culturas franc\u00f3fonas.<\/span>&nbsp;<span data-contrast=\"auto\" style=\"outline: 0px; background-repeat: no-repeat;\">Ser\u00e1s<\/span><span data-contrast=\"auto\" style=\"outline: 0px; background-repeat: no-repeat;\">&nbsp;capa<\/span><span data-contrast=\"auto\" style=\"outline: 0px; background-repeat: no-repeat;\">z<\/span><span data-contrast=\"auto\" style=\"outline: 0px; background-repeat: no-repeat;\">&nbsp;de contar experiencias y acontecimientos personales y&nbsp;<\/span><span data-contrast=\"auto\" style=\"outline: 0px; background-repeat: no-repeat;\">comunicar efectivamente<\/span><span data-contrast=\"auto\" style=\"outline: 0px; background-repeat: no-repeat;\">.<\/span><span data-ccp-props=\"{&quot;134233279&quot;:true,&quot;335551550&quot;:1,&quot;335551620&quot;:1}\" style=\"outline: 0px; background-repeat: no-repeat;\">&nbsp;<\/span><\/li><li data-leveltext=\"\uf0b7\" data-font=\"Symbol\" data-listid=\"3\" aria-setsize=\"-1\" data-aria-posinset=\"3\" data-aria-level=\"1\" style=\"outline: 0px; margin-left: 0.5em; background-repeat: no-repeat;\"><span data-contrast=\"auto\" style=\"outline: 0px; background-repeat: no-repeat;\">Una vez que apruebes el nivel Intermedio, estar\u00e1s preparado para tomar el examen DELF B1.&nbsp;<\/span><span data-ccp-props=\"{&quot;134233279&quot;:true,&quot;335551550&quot;:1,&quot;335551620&quot;:1}\" style=\"outline: 0px; background-repeat: no-repeat;\">&nbsp;<\/span><\/li><\/ul>\n\n\n\n\n\n\n\n\n<ul style=\"outline: 0px; margin-bottom: 1em; margin-left: 1em; background-repeat: no-repeat; color: rgb(24, 24, 24); font-family: &quot;Leto Sans Regular&quot;, Arial, Helvetica, sans-serif; font-size: 15px;\"><li data-leveltext=\"\uf0b7\" data-font=\"Symbol\" data-listid=\"4\" aria-setsize=\"-1\" data-aria-posinset=\"1\" data-aria-level=\"1\" style=\"outline: 0px; margin-left: 0.5em; background-repeat: no-repeat;\"><span data-contrast=\"auto\" style=\"outline: 0px; background-repeat: no-repeat;\">Desarrolla<\/span><span data-contrast=\"auto\" style=\"outline: 0px; background-repeat: no-repeat;\">r\u00e1s tus<\/span><span data-contrast=\"auto\" style=\"outline: 0px; background-repeat: no-repeat;\">&nbsp;competencias ling\u00fc\u00edsticas, interculturales y comunicativas&nbsp;<\/span><span data-contrast=\"auto\" style=\"outline: 0px; background-repeat: no-repeat;\">al mismo tiempo que e<\/span><span data-contrast=\"auto\" style=\"outline: 0px; background-repeat: no-repeat;\">ntender<\/span><span data-contrast=\"auto\" style=\"outline: 0px; background-repeat: no-repeat;\">\u00e1s di<\/span><span data-contrast=\"auto\" style=\"outline: 0px; background-repeat: no-repeat;\">ferentes textos con temas de car\u00e1cter concreto y abstracto.<\/span><span data-ccp-props=\"{&quot;134233279&quot;:true,&quot;335551550&quot;:1,&quot;335551620&quot;:1}\" style=\"outline: 0px; background-repeat: no-repeat;\">&nbsp;<\/span><\/li><li data-leveltext=\"\uf0b7\" data-font=\"Symbol\" data-listid=\"4\" aria-setsize=\"-1\" data-aria-posinset=\"2\" data-aria-level=\"1\" style=\"outline: 0px; margin-left: 0.5em; background-repeat: no-repeat;\"><span data-contrast=\"auto\" style=\"outline: 0px; background-repeat: no-repeat;\">Puliendo tus destrezas orales y escritas, ser\u00e1s capaz de dominar temas&nbsp;<\/span><span data-contrast=\"auto\" style=\"outline: 0px; background-repeat: no-repeat;\">diversos a trav\u00e9s de una&nbsp;<\/span><span data-contrast=\"auto\" style=\"outline: 0px; background-repeat: no-repeat;\">pedagog\u00eda&nbsp;<\/span><span data-contrast=\"auto\" style=\"outline: 0px; background-repeat: no-repeat;\">que&nbsp;<\/span><span data-contrast=\"auto\" style=\"outline: 0px; background-repeat: no-repeat;\">favorece especialmente la proactividad y el intercambio&nbsp;<\/span><span data-contrast=\"auto\" style=\"outline: 0px; background-repeat: no-repeat;\">de ideas&nbsp;<\/span><span data-contrast=\"auto\" style=\"outline: 0px; background-repeat: no-repeat;\">en torno a debates<\/span><span data-contrast=\"auto\" style=\"outline: 0px; background-repeat: no-repeat;\">.<\/span><span data-ccp-props=\"{&quot;134233279&quot;:true,&quot;335551550&quot;:1,&quot;335551620&quot;:1}\" style=\"outline: 0px; background-repeat: no-repeat;\">&nbsp;<\/span><\/li><li data-leveltext=\"\uf0b7\" data-font=\"Symbol\" data-listid=\"4\" aria-setsize=\"-1\" data-aria-posinset=\"3\" data-aria-level=\"1\" style=\"outline: 0px; margin-left: 0.5em; background-repeat: no-repeat;\"><span data-contrast=\"auto\" style=\"outline: 0px; background-repeat: no-repeat;\">Una vez que apruebes el nivel&nbsp;<\/span><span data-contrast=\"auto\" style=\"outline: 0px; background-repeat: no-repeat;\">Avanzado<\/span><span data-contrast=\"auto\" style=\"outline: 0px; background-repeat: no-repeat;\">, estar\u00e1s preparado para tomar el examen DELF B<\/span><span data-contrast=\"auto\" style=\"outline: 0px; background-repeat: no-repeat;\">2<\/span><span data-contrast=\"auto\" style=\"outline: 0px; background-repeat: no-repeat;\">.&nbsp;<\/span><span data-ccp-props=\"{&quot;134233279&quot;:true,&quot;335551550&quot;:1,&quot;335551620&quot;:1}\" style=\"outline: 0px; background-repeat: no-repeat;\">&nbsp;<\/span><\/li><\/ul>\n\n\n\n\n\n\n<h2>Edades<\/h2>\n\n\n\n\n\n\n\n\n\n\nCursos con libros completos y f\u00e1ciles de usar, especialmente dise\u00f1ados para preparar a los estudiantes de 5 a 8 a\u00f1os para el diploma DELF, bajo las condiciones del examen oficial del Ministerio de Educaci\u00f3n Nacional Franc\u00e9s.\n\n\n\n\n\n\n\n\nLibros completos y f\u00e1ciles de usar, especialmente dise\u00f1ados para preparar a los estudiantes de 8 a 12 a\u00f1os para el diploma DELF, bajo las condiciones del examen oficial del Ministerio de Educaci\u00f3n Nacional Franc\u00e9s.\n\n\n\n\n\n\n\n\nPrep\u00e1rese para el nuevo formato de prueba DELF Scolaire y Junior.\n\nUna gu\u00eda y actividades para prepararte en el examen DELF Scolaire y Junior A1, A2, B1 o B2.\n\nDescubre detalladamente cada habilidad de escritura y auditiva.\n\nEvaluaciones al final de cada habilidad para identificar tus fortalezas o \u00e1reas de oportunidad.\n\nCertificaciones reales al final del libro.\n\nVideos que detallan las pruebas grupales y la prueba individual para que est\u00e9s listo al momento de presentar tu certificaci\u00f3n.\n\n\n\n\n\n\n\n\nDELF para todo p\u00fablico\n\nEs una preparaci\u00f3n met\u00f3dica y progresiva.\n\nActividades que te ayudan a descubrir c\u00f3mo es el formato de una certificaci\u00f3n DELF.\n\n200 actividades de entrenamiento DELF que incluye todas las habilidades y autoevaluaciones.\n\n4 pruebas blancas completas.\n\nCorrecciones y transcripciones.\n\n\n\n\n\n\n\n\n<iframe loading=\"lazy\" src=\"https:\/\/docs.google.com\/forms\/d\/e\/1FAIpQLSegGeNIPmGAgg6f1hGi8IObO9l12DpjrEJz5mQDj_qJZ_AZVA\/viewform?embedded=true\" width=\"640\" height=\"792\" frameborder=\"0\" marginheight=\"0\" marginwidth=\"0\">Cargando\u2026<\/iframe>\n\n\n<h3 style=\"caret-color: rgb(34, 34, 34); text-align: center;\">Solicita m\u00e1s informaci\u00f3n<\/h3>\n\n<div class=\"forminator-guttenberg\"><div class=\"forminator-ui forminator-custom-form forminator-custom-form-238 forminator-design--default  forminator_ajax\" data-forminator-render=\"0\" data-form=\"forminator-module-238\" data-uid=\"69e1a6501252f\"><br\/><\/div><form\n\t\t\t\tid=\"forminator-module-238\"\n\t\t\t\tclass=\"forminator-ui forminator-custom-form forminator-custom-form-238 forminator-design--default  forminator_ajax\"\n\t\t\t\tmethod=\"post\"\n\t\t\t\tdata-forminator-render=\"0\"\n\t\t\t\tdata-form-id=\"238\"\n\t\t\t\t\n\t\t\t\tdata-design=\"default\"\n\t\t\t\tdata-color-option=\"theme\"\n\t\t\t\t\n\t\t\t\t\n\t\t\t\t\n\t\t\t\tdata-grid=\"open\"\n\t\t\t\t\n\t\t\t\t\n\t\t\t\tstyle=\"display: none;\"\n\t\t\t\t\n\t\t\t\tdata-uid=\"69e1a6501252f\"\n\t\t\t><div role=\"alert\" aria-live=\"polite\" class=\"forminator-response-message forminator-error\" aria-hidden=\"true\"><\/div><div class=\"forminator-row\"><div id=\"name-1\" class=\"forminator-field-name forminator-col forminator-col-6 \"><div class=\"forminator-field\"><label for=\"forminator-field-name-1_69e1a6501252f\" id=\"forminator-field-name-1_69e1a6501252f-label\" class=\"forminator-label\">Nombre <span class=\"forminator-required\">*<\/span><\/label><input type=\"text\" name=\"name-1\" value=\"\" placeholder=\"\" id=\"forminator-field-name-1_69e1a6501252f\" class=\"forminator-input forminator-name--field\" aria-required=\"true\" \/><\/div><\/div><div id=\"number-2\" class=\"forminator-field-number forminator-col forminator-col-6 \"><div class=\"forminator-field\"><label for=\"forminator-field-number-2_69e1a6501252f\" id=\"forminator-field-number-2_69e1a6501252f-label\" class=\"forminator-label\">Edad del estudiante <span class=\"forminator-required\">*<\/span><\/label><input name=\"number-2\" value=\"\" placeholder=\"\" id=\"forminator-field-number-2_69e1a6501252f\" class=\"forminator-input forminator-number--field\" inputmode=\"decimal\" data-required=\"1\" data-decimals=\"0\" aria-required=\"true\" data-inputmask=\"&#039;groupSeparator&#039;: &#039;&#039;, &#039;radixPoint&#039;: &#039;&#039;, &#039;digits&#039;: &#039;0&#039;\" data-hidden-behavior=\"zero\" type=\"number\" step=\"any\" min=\"1\" max=\"150\" \/><\/div><\/div><\/div><div class=\"forminator-row\"><div id=\"number-1\" class=\"forminator-field-number forminator-col forminator-col-6 \"><div class=\"forminator-field\"><label for=\"forminator-field-number-1_69e1a6501252f\" id=\"forminator-field-number-1_69e1a6501252f-label\" class=\"forminator-label\">N\u00famero de celular <span class=\"forminator-required\">*<\/span><\/label><input name=\"number-1\" value=\"\" placeholder=\"\" id=\"forminator-field-number-1_69e1a6501252f\" class=\"forminator-input forminator-number--field\" inputmode=\"decimal\" data-required=\"1\" data-decimals=\"0\" aria-required=\"true\" data-inputmask=\"&#039;groupSeparator&#039;: &#039;&#039;, &#039;radixPoint&#039;: &#039;&#039;, &#039;digits&#039;: &#039;0&#039;\" data-hidden-behavior=\"zero\" type=\"number\" step=\"any\" min=\"0000000001\" max=\"9999999999\" \/><\/div><\/div><div id=\"email-1\" class=\"forminator-field-email forminator-col forminator-col-6 \"><div class=\"forminator-field\"><label for=\"forminator-field-email-1_69e1a6501252f\" id=\"forminator-field-email-1_69e1a6501252f-label\" class=\"forminator-label\">Direcci\u00f3n de correo electr\u00f3nico <span class=\"forminator-required\">*<\/span><\/label><input type=\"email\" name=\"email-1\" value=\"\" placeholder=\"\" id=\"forminator-field-email-1_69e1a6501252f\" class=\"forminator-input forminator-email--field\" data-required=\"1\" aria-required=\"true\" \/><\/div><\/div><\/div><div class=\"forminator-row\"><div id=\"radio-1\" class=\"forminator-field-radio forminator-col forminator-col-6 \"><div role=\"radiogroup\" class=\"forminator-field\" aria-labelledby=\"forminator-radiogroup-radio-1-69e1a6501252f-label\"><span id=\"forminator-radiogroup-radio-1-69e1a6501252f-label\" class=\"forminator-label\">Sede <span class=\"forminator-required\">*<\/span><\/span><label id=\"forminator-field-radio-1-label-1\" for=\"forminator-field-radio-1-1-69e1a6501252f\" class=\"forminator-radio\" title=\"Colegio Interamericano (Kennedy Norte)\"><input type=\"radio\" name=\"radio-1\" value=\"one\" id=\"forminator-field-radio-1-1-69e1a6501252f\" aria-labelledby=\"forminator-field-radio-1-label-1\" data-calculation=\"0\"   data-hidden-behavior=\"zero\"\/><span class=\"forminator-radio-bullet\" aria-hidden=\"true\"><\/span><span class=\"forminator-radio-label\">Colegio Interamericano (Kennedy Norte)<\/span><\/label><label id=\"forminator-field-radio-1-label-2\" for=\"forminator-field-radio-1-2-69e1a6501252f\" class=\"forminator-radio\" title=\"Colegio Tejar (V\u00eda a Salitre)\"><input type=\"radio\" name=\"radio-1\" value=\"two\" id=\"forminator-field-radio-1-2-69e1a6501252f\" aria-labelledby=\"forminator-field-radio-1-label-2\" data-calculation=\"0\"   data-hidden-behavior=\"zero\"\/><span class=\"forminator-radio-bullet\" aria-hidden=\"true\"><\/span><span class=\"forminator-radio-label\">Colegio Tejar (V\u00eda a Salitre)<\/span><\/label><\/div><\/div><div id=\"textarea-1\" class=\"forminator-field-textarea forminator-col forminator-col-6 \"><div class=\"forminator-field\"><label for=\"forminator-field-textarea-1_69e1a6501252f\" id=\"forminator-field-textarea-1_69e1a6501252f-label\" class=\"forminator-label\">Mensaje<\/label><textarea name=\"textarea-1\" placeholder=\"\" id=\"forminator-field-textarea-1_69e1a6501252f\" class=\"forminator-textarea\" rows=\"6\" style=\"min-height:140px;\" ><\/textarea><\/div><\/div><\/div><input type=\"hidden\" name=\"referer_url\" value=\"\" \/><div class=\"forminator-row forminator-row-last\"><div class=\"forminator-col\"><div class=\"forminator-field\"><button class=\"forminator-button forminator-button-submit\">Enviar mensaje<\/button><\/div><\/div><\/div><input type=\"hidden\" id=\"forminator_nonce\" name=\"forminator_nonce\" value=\"c6dc03633a\" \/><input type=\"hidden\" name=\"_wp_http_referer\" value=\"\/academy\/wp-json\/wp\/v2\/pages\/169\" \/><input type=\"hidden\" name=\"form_id\" value=\"238\"><input type=\"hidden\" name=\"page_id\" value=\"169\"><input type=\"hidden\" name=\"form_type\" value=\"default\"><input type=\"hidden\" name=\"current_url\" value=\"https:\/\/cefi.edu.ec\/academy\/cursos-hachette\/\"><input type=\"hidden\" name=\"render_id\" value=\"0\"><input type=\"hidden\" name=\"action\" value=\"forminator_submit_form_custom-forms\"><\/form><\/div>\n\n\n\n\n\n","protected":false},"excerpt":{"rendered":"","protected":false},"author":1,"featured_media":0,"parent":0,"menu_order":0,"comment_status":"closed","ping_status":"closed","template":"","meta":{"pagelayer_contact_templates":[],"_pagelayer_content":"","footnotes":""},"class_list":["post-169","page","type-page","status-publish","hentry"],"_links":{"self":[{"href":"https:\/\/cefi.edu.ec\/academy\/wp-json\/wp\/v2\/pages\/169","targetHints":{"allow":["GET"]}}],"collection":[{"href":"https:\/\/cefi.edu.ec\/academy\/wp-json\/wp\/v2\/pages"}],"about":[{"href":"https:\/\/cefi.edu.ec\/academy\/wp-json\/wp\/v2\/types\/page"}],"author":[{"embeddable":true,"href":"https:\/\/cefi.edu.ec\/academy\/wp-json\/wp\/v2\/users\/1"}],"replies":[{"embeddable":true,"href":"https:\/\/cefi.edu.ec\/academy\/wp-json\/wp\/v2\/comments?post=169"}],"version-history":[{"count":32,"href":"https:\/\/cefi.edu.ec\/academy\/wp-json\/wp\/v2\/pages\/169\/revisions"}],"predecessor-version":[{"id":665,"href":"https:\/\/cefi.edu.ec\/academy\/wp-json\/wp\/v2\/pages\/169\/revisions\/665"}],"wp:attachment":[{"href":"https:\/\/cefi.edu.ec\/academy\/wp-json\/wp\/v2\/media?parent=169"}],"curies":[{"name":"wp","href":"https:\/\/api.w.org\/{rel}","templated":true}]}}