{"id":354,"date":"2025-01-08T13:41:21","date_gmt":"2025-01-08T13:41:21","guid":{"rendered":"https:\/\/cefi.edu.ec\/academy\/?page_id=354"},"modified":"2025-12-17T15:55:28","modified_gmt":"2025-12-17T15:55:28","slug":"de-13-a-17-anos","status":"publish","type":"page","link":"https:\/\/cefi.edu.ec\/academy\/de-13-a-17-anos\/","title":{"rendered":"De 13 a 17 a\u00f1os"},"content":{"rendered":"\n<p>Lorem Ipsum has been the industry&#8217;s standard dummy text ever since the 1500s.<\/p>\n\n\n<p>Lorem Ipsum has been the industry&#8217;s standard dummy text ever since the 1500s.<\/p>\n\n\n\n\n\n\n\n\n\n<iframe src=\"https:\/\/www.google.com\/maps\/embed?pb=!1m18!1m12!1m3!1d3986.994373940245!2d-79.8972512!3d-2.1558319999999997!2m3!1f0!2f0!3f0!3m2!1i1024!2i768!4f13.1!3m3!1m2!1s0x902d6d9f4db9d13b%3A0xbef00f8e9d9f8219!2sColegio%20Interamericano!5e0!3m2!1ses-419!2sec!4v1736201100543!5m2!1ses-419!2sec\" width=\"1090\" height=\"450\" style=\"border:0;\" allowfullscreen=\"\" loading=\"lazy\" referrerpolicy=\"no-referrer-when-downgrade\"><\/iframe>\n\n\n<p><span style=\"color: rgb(51, 51, 51); font-family: &quot;Open Sans&quot;; font-size: 19.6px;\">Avalados por EDEXCEL, el Centro Examinador m\u00e1s grande del Reino Unido.&nbsp; Desarrollamos<\/span><span style=\"color: rgb(51, 51, 51); font-family: &quot;Open Sans&quot;; font-size: 19.6px;\">&nbsp;las<\/span><span style=\"color: rgb(51, 51, 51); font-family: &quot;Open Sans&quot;; font-size: 19.6px;\">&nbsp;4 habilidades: comprensi\u00f3n auditiva y lectora y expresi\u00f3n oral y escrita<\/span><span style=\"color: rgb(51, 51, 51); font-family: &quot;Open Sans&quot;; font-size: 19.6px;\">&nbsp;del estudiante, para usar estructuras y funciones del idioma ingl\u00e9s en contextos reales. A medida que se avanza en los niveles, se eval\u00faa la habilidad en el uso del idioma para desenvolverse en situaciones comunicativas espec\u00edficas que se desarrollan en escenarios reales de la vida cotidiana.<\/span><\/p>\n\n\n\n\n\n\n\n<iframe src=\"https:\/\/www.google.com\/maps\/embed?pb=!1m18!1m12!1m3!1d3987.386785374427!2d-79.86594712451904!3d-2.0004301368247153!2m3!1f0!2f0!3f0!3m2!1i1024!2i768!4f13.1!3m3!1m2!1s0x902d1120769a00e5%3A0x81ca7ce3f2c3f93d!2sUnidad%20Educativa%20Biling%C3%BCe%20Tejar!5e0!3m2!1ses-419!2sec!4v1736201227804!5m2!1ses-419!2sec\" width=\"1090\" height=\"450\" style=\"border:0;\" allowfullscreen=\"\" loading=\"lazy\" referrerpolicy=\"no-referrer-when-downgrade\"><\/iframe>\n\n\n\n\n\n\n\n\n\n<iframe loading=\"lazy\" src=\"https:\/\/docs.google.com\/forms\/d\/e\/1FAIpQLSegGeNIPmGAgg6f1hGi8IObO9l12DpjrEJz5mQDj_qJZ_AZVA\/viewform?embedded=true\" width=\"640\" height=\"792\" frameborder=\"0\" marginheight=\"0\" marginwidth=\"0\">Cargando\u2026<\/iframe>\n\n\n\n\n\n<h3>Solicita m\u00e1s informaci\u00f3n<\/h3>\n\n\n<div class=\"forminator-guttenberg\"><div class=\"forminator-ui forminator-custom-form forminator-custom-form-238 forminator-design--default  forminator_ajax\" data-forminator-render=\"0\" data-form=\"forminator-module-238\" data-uid=\"69e171db71d69\"><br\/><\/div><form\n\t\t\t\tid=\"forminator-module-238\"\n\t\t\t\tclass=\"forminator-ui forminator-custom-form forminator-custom-form-238 forminator-design--default  forminator_ajax\"\n\t\t\t\tmethod=\"post\"\n\t\t\t\tdata-forminator-render=\"0\"\n\t\t\t\tdata-form-id=\"238\"\n\t\t\t\t\n\t\t\t\tdata-design=\"default\"\n\t\t\t\tdata-color-option=\"theme\"\n\t\t\t\t\n\t\t\t\t\n\t\t\t\t\n\t\t\t\tdata-grid=\"open\"\n\t\t\t\t\n\t\t\t\t\n\t\t\t\tstyle=\"display: none;\"\n\t\t\t\t\n\t\t\t\tdata-uid=\"69e171db71d69\"\n\t\t\t><div role=\"alert\" aria-live=\"polite\" class=\"forminator-response-message forminator-error\" aria-hidden=\"true\"><\/div><div class=\"forminator-row\"><div id=\"name-1\" class=\"forminator-field-name forminator-col forminator-col-6 \"><div class=\"forminator-field\"><label for=\"forminator-field-name-1_69e171db71d69\" id=\"forminator-field-name-1_69e171db71d69-label\" class=\"forminator-label\">Nombre <span class=\"forminator-required\">*<\/span><\/label><input type=\"text\" name=\"name-1\" value=\"\" placeholder=\"\" id=\"forminator-field-name-1_69e171db71d69\" class=\"forminator-input forminator-name--field\" aria-required=\"true\" \/><\/div><\/div><div id=\"number-2\" class=\"forminator-field-number forminator-col forminator-col-6 \"><div class=\"forminator-field\"><label for=\"forminator-field-number-2_69e171db71d69\" id=\"forminator-field-number-2_69e171db71d69-label\" class=\"forminator-label\">Edad del estudiante <span class=\"forminator-required\">*<\/span><\/label><input name=\"number-2\" value=\"\" placeholder=\"\" id=\"forminator-field-number-2_69e171db71d69\" class=\"forminator-input forminator-number--field\" inputmode=\"decimal\" data-required=\"1\" data-decimals=\"0\" aria-required=\"true\" data-inputmask=\"&#039;groupSeparator&#039;: &#039;&#039;, &#039;radixPoint&#039;: &#039;&#039;, &#039;digits&#039;: &#039;0&#039;\" data-hidden-behavior=\"zero\" type=\"number\" step=\"any\" min=\"1\" max=\"150\" \/><\/div><\/div><\/div><div class=\"forminator-row\"><div id=\"number-1\" class=\"forminator-field-number forminator-col forminator-col-6 \"><div class=\"forminator-field\"><label for=\"forminator-field-number-1_69e171db71d69\" id=\"forminator-field-number-1_69e171db71d69-label\" class=\"forminator-label\">N\u00famero de celular <span class=\"forminator-required\">*<\/span><\/label><input name=\"number-1\" value=\"\" placeholder=\"\" id=\"forminator-field-number-1_69e171db71d69\" class=\"forminator-input forminator-number--field\" inputmode=\"decimal\" data-required=\"1\" data-decimals=\"0\" aria-required=\"true\" data-inputmask=\"&#039;groupSeparator&#039;: &#039;&#039;, &#039;radixPoint&#039;: &#039;&#039;, &#039;digits&#039;: &#039;0&#039;\" data-hidden-behavior=\"zero\" type=\"number\" step=\"any\" min=\"0000000001\" max=\"9999999999\" \/><\/div><\/div><div id=\"email-1\" class=\"forminator-field-email forminator-col forminator-col-6 \"><div class=\"forminator-field\"><label for=\"forminator-field-email-1_69e171db71d69\" id=\"forminator-field-email-1_69e171db71d69-label\" class=\"forminator-label\">Direcci\u00f3n de correo electr\u00f3nico <span class=\"forminator-required\">*<\/span><\/label><input type=\"email\" name=\"email-1\" value=\"\" placeholder=\"\" id=\"forminator-field-email-1_69e171db71d69\" class=\"forminator-input forminator-email--field\" data-required=\"1\" aria-required=\"true\" \/><\/div><\/div><\/div><div class=\"forminator-row\"><div id=\"radio-1\" class=\"forminator-field-radio forminator-col forminator-col-6 \"><div role=\"radiogroup\" class=\"forminator-field\" aria-labelledby=\"forminator-radiogroup-radio-1-69e171db71d69-label\"><span id=\"forminator-radiogroup-radio-1-69e171db71d69-label\" class=\"forminator-label\">Sede <span class=\"forminator-required\">*<\/span><\/span><label id=\"forminator-field-radio-1-label-1\" for=\"forminator-field-radio-1-1-69e171db71d69\" class=\"forminator-radio\" title=\"Colegio Interamericano (Kennedy Norte)\"><input type=\"radio\" name=\"radio-1\" value=\"one\" id=\"forminator-field-radio-1-1-69e171db71d69\" aria-labelledby=\"forminator-field-radio-1-label-1\" data-calculation=\"0\"   data-hidden-behavior=\"zero\"\/><span class=\"forminator-radio-bullet\" aria-hidden=\"true\"><\/span><span class=\"forminator-radio-label\">Colegio Interamericano (Kennedy Norte)<\/span><\/label><label id=\"forminator-field-radio-1-label-2\" for=\"forminator-field-radio-1-2-69e171db71d69\" class=\"forminator-radio\" title=\"Colegio Tejar (V\u00eda a Salitre)\"><input type=\"radio\" name=\"radio-1\" value=\"two\" id=\"forminator-field-radio-1-2-69e171db71d69\" aria-labelledby=\"forminator-field-radio-1-label-2\" data-calculation=\"0\"   data-hidden-behavior=\"zero\"\/><span class=\"forminator-radio-bullet\" aria-hidden=\"true\"><\/span><span class=\"forminator-radio-label\">Colegio Tejar (V\u00eda a Salitre)<\/span><\/label><\/div><\/div><div id=\"textarea-1\" class=\"forminator-field-textarea forminator-col forminator-col-6 \"><div class=\"forminator-field\"><label for=\"forminator-field-textarea-1_69e171db71d69\" id=\"forminator-field-textarea-1_69e171db71d69-label\" class=\"forminator-label\">Mensaje<\/label><textarea name=\"textarea-1\" placeholder=\"\" id=\"forminator-field-textarea-1_69e171db71d69\" class=\"forminator-textarea\" rows=\"6\" style=\"min-height:140px;\" ><\/textarea><\/div><\/div><\/div><input type=\"hidden\" name=\"referer_url\" value=\"\" \/><div class=\"forminator-row forminator-row-last\"><div class=\"forminator-col\"><div class=\"forminator-field\"><button class=\"forminator-button forminator-button-submit\">Enviar mensaje<\/button><\/div><\/div><\/div><input type=\"hidden\" id=\"forminator_nonce\" name=\"forminator_nonce\" value=\"ad6315e017\" \/><input type=\"hidden\" name=\"_wp_http_referer\" value=\"\/academy\/wp-json\/wp\/v2\/pages\/354\" \/><input type=\"hidden\" name=\"form_id\" value=\"238\"><input type=\"hidden\" name=\"page_id\" value=\"354\"><input type=\"hidden\" name=\"form_type\" value=\"default\"><input type=\"hidden\" name=\"current_url\" value=\"https:\/\/cefi.edu.ec\/academy\/de-13-a-17-anos\/\"><input type=\"hidden\" name=\"render_id\" value=\"0\"><input type=\"hidden\" name=\"action\" value=\"forminator_submit_form_custom-forms\"><\/form><\/div>\n\n\n","protected":false},"excerpt":{"rendered":"","protected":false},"author":1,"featured_media":0,"parent":0,"menu_order":0,"comment_status":"closed","ping_status":"closed","template":"","meta":{"pagelayer_contact_templates":[],"_pagelayer_content":"","footnotes":""},"class_list":["post-354","page","type-page","status-publish","hentry"],"_links":{"self":[{"href":"https:\/\/cefi.edu.ec\/academy\/wp-json\/wp\/v2\/pages\/354","targetHints":{"allow":["GET"]}}],"collection":[{"href":"https:\/\/cefi.edu.ec\/academy\/wp-json\/wp\/v2\/pages"}],"about":[{"href":"https:\/\/cefi.edu.ec\/academy\/wp-json\/wp\/v2\/types\/page"}],"author":[{"embeddable":true,"href":"https:\/\/cefi.edu.ec\/academy\/wp-json\/wp\/v2\/users\/1"}],"replies":[{"embeddable":true,"href":"https:\/\/cefi.edu.ec\/academy\/wp-json\/wp\/v2\/comments?post=354"}],"version-history":[{"count":7,"href":"https:\/\/cefi.edu.ec\/academy\/wp-json\/wp\/v2\/pages\/354\/revisions"}],"predecessor-version":[{"id":662,"href":"https:\/\/cefi.edu.ec\/academy\/wp-json\/wp\/v2\/pages\/354\/revisions\/662"}],"wp:attachment":[{"href":"https:\/\/cefi.edu.ec\/academy\/wp-json\/wp\/v2\/media?parent=354"}],"curies":[{"name":"wp","href":"https:\/\/api.w.org\/{rel}","templated":true}]}}