{"id":419,"date":"2025-01-13T13:23:17","date_gmt":"2025-01-13T13:23:17","guid":{"rendered":"https:\/\/cefi.edu.ec\/academy\/?page_id=419"},"modified":"2025-12-17T15:59:36","modified_gmt":"2025-12-17T15:59:36","slug":"cambridge","status":"publish","type":"page","link":"https:\/\/cefi.edu.ec\/academy\/cambridge\/","title":{"rendered":"Cambridge"},"content":{"rendered":"\n<p>Lorem Ipsum has been the industry&#8217;s standard dummy text ever since the 1500s.<\/p>\n\n\n<h2><span style=\"color: rgb(0, 0, 0); font-size: 28px; text-align: center;\">N\u00edveles de ingl\u00e9s<\/span><\/h2>\n\n\n<br>\n\n\n<p>Certificaci\u00f3n de ingl\u00e9s para adolescentes, j\u00f3venes y adultos. Seis niveles desde A1 hasta C2.<\/p>\n\n\n\n<p>Las actividades del examen son una continuaci\u00f3n natural de lo que pasa dentro y fuera de clase, dando la oportunidad a los estudiantes de lograr los mejores resultados.<\/p>\n\n<p><br>La Certificaci\u00f3n Cambridge, te permite evaluar tus habilidades ling\u00fc\u00edsticas de manera precisa y completa.<br>Tiene una duraci\u00f3n de unos 30 minutos y consiste en un test de gram\u00e1tica de 30 preguntas y una conversaci\u00f3n con un tutor de estudios para evaluar tu nivel oral.<br><br>La prueba se la toma de manera presencial en la sede de tu elecci\u00f3n.<br><\/p>\n\n<p><\/p>\n\n\n\n\nCertifica tu nivel de ingl\u00e9s de inmediato\n\n\n\n\n\n\n\n\n\n\n\n\n\n\n\n\n<p>Lorem Ipsum has been the industry&#8217;s standard dummy text ever since the 1500s.<\/p>\n\n\n\n<h2><span style=\"font-size: 16px; font-weight: 400;\"><div class=\"_df_book df-lite\" id=\"df_550\"  _slug=\"cambridge\" data-title=\"cambridge\" wpoptions=\"true\" thumbtype=\"\" ><\/div><script class=\"df-shortcode-script\" nowprocket type=\"application\/javascript\">window.option_df_550 = {\"outline\":[],\"autoEnableOutline\":\"false\",\"autoEnableThumbnail\":\"false\",\"overwritePDFOutline\":\"false\",\"direction\":\"1\",\"pageSize\":\"0\",\"source\":\"https:\\\/\\\/cefi.edu.ec\\\/academy\\\/wp-content\\\/uploads\\\/2026\\\/01\\\/cambridge.pdf\",\"wpOptions\":\"true\"}; if(window.DFLIP && window.DFLIP.parseBooks){window.DFLIP.parseBooks();}<\/script><\/span><\/h2>\n\n\n<iframe loading=\"lazy\" src=\"https:\/\/docs.google.com\/forms\/d\/e\/1FAIpQLSegGeNIPmGAgg6f1hGi8IObO9l12DpjrEJz5mQDj_qJZ_AZVA\/viewform?embedded=true\" width=\"640\" height=\"792\" frameborder=\"0\" marginheight=\"0\" marginwidth=\"0\">Cargando\u2026<\/iframe>\n\n\n\n\n\n\n\n\n<iframe src=\"https:\/\/www.google.com\/maps\/embed?pb=!1m18!1m12!1m3!1d3986.994373940245!2d-79.8972512!3d-2.1558319999999997!2m3!1f0!2f0!3f0!3m2!1i1024!2i768!4f13.1!3m3!1m2!1s0x902d6d9f4db9d13b%3A0xbef00f8e9d9f8219!2sColegio%20Interamericano!5e0!3m2!1ses-419!2sec!4v1736201100543!5m2!1ses-419!2sec\" width=\"1090\" height=\"450\" style=\"border:0;\" allowfullscreen=\"\" loading=\"lazy\" referrerpolicy=\"no-referrer-when-downgrade\"><\/iframe>\n\n\n\n\n\n\n\n\n<iframe src=\"https:\/\/www.google.com\/maps\/embed?pb=!1m18!1m12!1m3!1d3987.386785374427!2d-79.86594712451904!3d-2.0004301368247153!2m3!1f0!2f0!3f0!3m2!1i1024!2i768!4f13.1!3m3!1m2!1s0x902d1120769a00e5%3A0x81ca7ce3f2c3f93d!2sUnidad%20Educativa%20Biling%C3%BCe%20Tejar!5e0!3m2!1ses-419!2sec!4v1736201227804!5m2!1ses-419!2sec\" width=\"1090\" height=\"450\" style=\"border:0;\" allowfullscreen=\"\" loading=\"lazy\" referrerpolicy=\"no-referrer-when-downgrade\"><\/iframe>\n\n\n\n\n\n\n\n\n<h3>Solicita m\u00e1s informaci\u00f3n<\/h3>\n\n\n<div class=\"forminator-guttenberg\"><div class=\"forminator-ui forminator-custom-form forminator-custom-form-238 forminator-design--default  forminator_ajax\" data-forminator-render=\"0\" data-form=\"forminator-module-238\" data-uid=\"69e73af0de82f\"><br\/><\/div><form\n\t\t\t\tid=\"forminator-module-238\"\n\t\t\t\tclass=\"forminator-ui forminator-custom-form forminator-custom-form-238 forminator-design--default  forminator_ajax\"\n\t\t\t\tmethod=\"post\"\n\t\t\t\tdata-forminator-render=\"0\"\n\t\t\t\tdata-form-id=\"238\"\n\t\t\t\t\n\t\t\t\tdata-design=\"default\"\n\t\t\t\tdata-color-option=\"theme\"\n\t\t\t\t\n\t\t\t\t\n\t\t\t\t\n\t\t\t\tdata-grid=\"open\"\n\t\t\t\t\n\t\t\t\t\n\t\t\t\tstyle=\"display: none;\"\n\t\t\t\t\n\t\t\t\tdata-uid=\"69e73af0de82f\"\n\t\t\t><div role=\"alert\" aria-live=\"polite\" class=\"forminator-response-message forminator-error\" aria-hidden=\"true\"><\/div><div class=\"forminator-row\"><div id=\"name-1\" class=\"forminator-field-name forminator-col forminator-col-6 \"><div class=\"forminator-field\"><label for=\"forminator-field-name-1_69e73af0de82f\" id=\"forminator-field-name-1_69e73af0de82f-label\" class=\"forminator-label\">Nombre <span class=\"forminator-required\">*<\/span><\/label><input type=\"text\" name=\"name-1\" value=\"\" placeholder=\"\" id=\"forminator-field-name-1_69e73af0de82f\" class=\"forminator-input forminator-name--field\" aria-required=\"true\" \/><\/div><\/div><div id=\"number-2\" class=\"forminator-field-number forminator-col forminator-col-6 \"><div class=\"forminator-field\"><label for=\"forminator-field-number-2_69e73af0de82f\" id=\"forminator-field-number-2_69e73af0de82f-label\" class=\"forminator-label\">Edad del estudiante <span class=\"forminator-required\">*<\/span><\/label><input name=\"number-2\" value=\"\" placeholder=\"\" id=\"forminator-field-number-2_69e73af0de82f\" class=\"forminator-input forminator-number--field\" inputmode=\"decimal\" data-required=\"1\" data-decimals=\"0\" aria-required=\"true\" data-inputmask=\"&#039;groupSeparator&#039;: &#039;&#039;, &#039;radixPoint&#039;: &#039;&#039;, &#039;digits&#039;: &#039;0&#039;\" data-hidden-behavior=\"zero\" type=\"number\" step=\"any\" min=\"1\" max=\"150\" \/><\/div><\/div><\/div><div class=\"forminator-row\"><div id=\"number-1\" class=\"forminator-field-number forminator-col forminator-col-6 \"><div class=\"forminator-field\"><label for=\"forminator-field-number-1_69e73af0de82f\" id=\"forminator-field-number-1_69e73af0de82f-label\" class=\"forminator-label\">N\u00famero de celular <span class=\"forminator-required\">*<\/span><\/label><input name=\"number-1\" value=\"\" placeholder=\"\" id=\"forminator-field-number-1_69e73af0de82f\" class=\"forminator-input forminator-number--field\" inputmode=\"decimal\" data-required=\"1\" data-decimals=\"0\" aria-required=\"true\" data-inputmask=\"&#039;groupSeparator&#039;: &#039;&#039;, &#039;radixPoint&#039;: &#039;&#039;, &#039;digits&#039;: &#039;0&#039;\" data-hidden-behavior=\"zero\" type=\"number\" step=\"any\" min=\"0000000001\" max=\"9999999999\" \/><\/div><\/div><div id=\"email-1\" class=\"forminator-field-email forminator-col forminator-col-6 \"><div class=\"forminator-field\"><label for=\"forminator-field-email-1_69e73af0de82f\" id=\"forminator-field-email-1_69e73af0de82f-label\" class=\"forminator-label\">Direcci\u00f3n de correo electr\u00f3nico <span class=\"forminator-required\">*<\/span><\/label><input type=\"email\" name=\"email-1\" value=\"\" placeholder=\"\" id=\"forminator-field-email-1_69e73af0de82f\" class=\"forminator-input forminator-email--field\" data-required=\"1\" aria-required=\"true\" \/><\/div><\/div><\/div><div class=\"forminator-row\"><div id=\"radio-1\" class=\"forminator-field-radio forminator-col forminator-col-6 \"><div role=\"radiogroup\" class=\"forminator-field\" aria-labelledby=\"forminator-radiogroup-radio-1-69e73af0de82f-label\"><span id=\"forminator-radiogroup-radio-1-69e73af0de82f-label\" class=\"forminator-label\">Sede <span class=\"forminator-required\">*<\/span><\/span><label id=\"forminator-field-radio-1-label-1\" for=\"forminator-field-radio-1-1-69e73af0de82f\" class=\"forminator-radio\" title=\"Colegio Interamericano (Kennedy Norte)\"><input type=\"radio\" name=\"radio-1\" value=\"one\" id=\"forminator-field-radio-1-1-69e73af0de82f\" aria-labelledby=\"forminator-field-radio-1-label-1\" data-calculation=\"0\"   data-hidden-behavior=\"zero\"\/><span class=\"forminator-radio-bullet\" aria-hidden=\"true\"><\/span><span class=\"forminator-radio-label\">Colegio Interamericano (Kennedy Norte)<\/span><\/label><label id=\"forminator-field-radio-1-label-2\" for=\"forminator-field-radio-1-2-69e73af0de82f\" class=\"forminator-radio\" title=\"Colegio Tejar (V\u00eda a Salitre)\"><input type=\"radio\" name=\"radio-1\" value=\"two\" id=\"forminator-field-radio-1-2-69e73af0de82f\" aria-labelledby=\"forminator-field-radio-1-label-2\" data-calculation=\"0\"   data-hidden-behavior=\"zero\"\/><span class=\"forminator-radio-bullet\" aria-hidden=\"true\"><\/span><span class=\"forminator-radio-label\">Colegio Tejar (V\u00eda a Salitre)<\/span><\/label><\/div><\/div><div id=\"textarea-1\" class=\"forminator-field-textarea forminator-col forminator-col-6 \"><div class=\"forminator-field\"><label for=\"forminator-field-textarea-1_69e73af0de82f\" id=\"forminator-field-textarea-1_69e73af0de82f-label\" class=\"forminator-label\">Mensaje<\/label><textarea name=\"textarea-1\" placeholder=\"\" id=\"forminator-field-textarea-1_69e73af0de82f\" class=\"forminator-textarea\" rows=\"6\" style=\"min-height:140px;\" ><\/textarea><\/div><\/div><\/div><input type=\"hidden\" name=\"referer_url\" value=\"\" \/><div class=\"forminator-row forminator-row-last\"><div class=\"forminator-col\"><div class=\"forminator-field\"><button class=\"forminator-button forminator-button-submit\">Enviar mensaje<\/button><\/div><\/div><\/div><input type=\"hidden\" id=\"forminator_nonce\" name=\"forminator_nonce\" value=\"c772d3968a\" \/><input type=\"hidden\" name=\"_wp_http_referer\" value=\"\/academy\/wp-json\/wp\/v2\/pages\/419\" \/><input type=\"hidden\" name=\"form_id\" value=\"238\"><input type=\"hidden\" name=\"page_id\" value=\"419\"><input type=\"hidden\" name=\"form_type\" value=\"default\"><input type=\"hidden\" name=\"current_url\" value=\"https:\/\/cefi.edu.ec\/academy\/cambridge\/\"><input type=\"hidden\" name=\"render_id\" value=\"0\"><input type=\"hidden\" name=\"action\" value=\"forminator_submit_form_custom-forms\"><\/form><\/div>\n\n\n","protected":false},"excerpt":{"rendered":"","protected":false},"author":1,"featured_media":0,"parent":0,"menu_order":0,"comment_status":"closed","ping_status":"closed","template":"","meta":{"pagelayer_contact_templates":[],"_pagelayer_content":"","footnotes":""},"class_list":["post-419","page","type-page","status-publish","hentry"],"_links":{"self":[{"href":"https:\/\/cefi.edu.ec\/academy\/wp-json\/wp\/v2\/pages\/419","targetHints":{"allow":["GET"]}}],"collection":[{"href":"https:\/\/cefi.edu.ec\/academy\/wp-json\/wp\/v2\/pages"}],"about":[{"href":"https:\/\/cefi.edu.ec\/academy\/wp-json\/wp\/v2\/types\/page"}],"author":[{"embeddable":true,"href":"https:\/\/cefi.edu.ec\/academy\/wp-json\/wp\/v2\/users\/1"}],"replies":[{"embeddable":true,"href":"https:\/\/cefi.edu.ec\/academy\/wp-json\/wp\/v2\/comments?post=419"}],"version-history":[{"count":11,"href":"https:\/\/cefi.edu.ec\/academy\/wp-json\/wp\/v2\/pages\/419\/revisions"}],"predecessor-version":[{"id":666,"href":"https:\/\/cefi.edu.ec\/academy\/wp-json\/wp\/v2\/pages\/419\/revisions\/666"}],"wp:attachment":[{"href":"https:\/\/cefi.edu.ec\/academy\/wp-json\/wp\/v2\/media?parent=419"}],"curies":[{"name":"wp","href":"https:\/\/api.w.org\/{rel}","templated":true}]}}